{"id":5026,"date":"2021-10-08T12:16:24","date_gmt":"2021-10-08T15:16:24","guid":{"rendered":"https:\/\/villacurabrochero.gov.ar\/turista\/?page_id=5026"},"modified":"2021-10-17T11:17:56","modified_gmt":"2021-10-17T14:17:56","slug":"recreacion","status":"publish","type":"page","link":"https:\/\/villacurabrochero.gov.ar\/turista\/recreacion\/","title":{"rendered":"Recreaci\u00f3n"},"content":{"rendered":"\n<p>Introducci\u00f3n general<\/p>\n\n\n\n<p>Submen\u00fa:  <\/p>\n\n\n\n<p>Excursiones <\/p>\n\n\n\n<p>Parques recreativos<\/p>\n\n\n\n<p>Prestadores de turismo alternativo<\/p>\n\n\n\n<p>Gu\u00edas de turismo local<\/p>\n\n\n\n<p>Agencias de viajes<\/p>\n\n\n\n<p>Feria Artesanal<\/p>\n","protected":false},"excerpt":{"rendered":"<p>Introducci\u00f3n general Submen\u00fa: Excursiones Parques recreativos Prestadores de turismo alternativo Gu\u00edas de turismo local Agencias de viajes Feria Artesanal<\/p>\n","protected":false},"author":1,"featured_media":0,"parent":0,"menu_order":0,"comment_status":"closed","ping_status":"closed","template":"","meta":{"footnotes":""},"class_list":["post-5026","page","type-page","status-publish","hentry"],"_links":{"self":[{"href":"https:\/\/villacurabrochero.gov.ar\/turista\/wp-json\/wp\/v2\/pages\/5026","targetHints":{"allow":["GET"]}}],"collection":[{"href":"https:\/\/villacurabrochero.gov.ar\/turista\/wp-json\/wp\/v2\/pages"}],"about":[{"href":"https:\/\/villacurabrochero.gov.ar\/turista\/wp-json\/wp\/v2\/types\/page"}],"author":[{"embeddable":true,"href":"https:\/\/villacurabrochero.gov.ar\/turista\/wp-json\/wp\/v2\/users\/1"}],"replies":[{"embeddable":true,"href":"https:\/\/villacurabrochero.gov.ar\/turista\/wp-json\/wp\/v2\/comments?post=5026"}],"version-history":[{"count":2,"href":"https:\/\/villacurabrochero.gov.ar\/turista\/wp-json\/wp\/v2\/pages\/5026\/revisions"}],"predecessor-version":[{"id":5039,"href":"https:\/\/villacurabrochero.gov.ar\/turista\/wp-json\/wp\/v2\/pages\/5026\/revisions\/5039"}],"wp:attachment":[{"href":"https:\/\/villacurabrochero.gov.ar\/turista\/wp-json\/wp\/v2\/media?parent=5026"}],"curies":[{"name":"wp","href":"https:\/\/api.w.org\/{rel}","templated":true}]}}