{"id":5030,"date":"2021-10-08T12:19:11","date_gmt":"2021-10-08T15:19:11","guid":{"rendered":"https:\/\/villacurabrochero.gov.ar\/turista\/?page_id=5030"},"modified":"2022-06-25T21:10:34","modified_gmt":"2022-06-26T00:10:34","slug":"accesos","status":"publish","type":"page","link":"https:\/\/villacurabrochero.gov.ar\/turista\/accesos\/","title":{"rendered":"Accesos"},"content":{"rendered":"\n<h2 class=\"wp-block-heading\">Traslasierra<\/h2>\n\n\n\n<p>Abarca una zona con rasgos propios, con l\u00edmites marcados por la naturaleza y una comunidad humana que, a trav\u00e9s del tiempo y de su integraci\u00f3n ecol\u00f3gica, han determinado su singularidad. Una caracter\u00edstica relevante de sus habitantes es el respeto a sus tradiciones ancestrales. Incluye las \u00e1reas Noroeste y Traslasierra.<\/p>\n\n\n\n<h2 class=\"wp-block-heading\"><br>Localizaci\u00f3n<\/h2>\n\n\n\n<p>E1 valle de Traslasierra se recuesta de norte a sur al pie de la ladera oeste de las Altas Cumbres, que domina el Cerro Champaqui con 2.790 metros. A diferencia de los otros grandes valles cordobeses, tiene todav\u00eda zonas agrestes y boscosas que surcan r\u00edos y arroyos. Hist\u00f3ricamente conectado con San Luis al oeste y con el norte cordob\u00e9s, Traslasierra es un encadenamiento de peque\u00f1os pueblos, en el centro de los cuales est\u00e1 el dique La Vi\u00f1a.<\/p>\n\n\n\n<p>La ciudad m\u00e1s importante, por su infraestructura tur\u00edstica y por estar en la bajada misma del camino de las Altas Cumbres, es Mina Clavero, convirti\u00e9ndose en la puerta de ingreso al valle de Traslasierra.<\/p>\n\n\n\n<div class=\"wp-block-image\"><figure class=\"aligncenter size-large\"><img loading=\"lazy\" decoding=\"async\" width=\"488\" height=\"1024\" src=\"https:\/\/villacurabrochero.gov.ar\/turista\/wp-content\/uploads\/2021\/10\/AccesosMapaTraslasierra-488x1024.jpg\" alt=\"\" class=\"wp-image-5075\" srcset=\"https:\/\/villacurabrochero.gov.ar\/turista\/wp-content\/uploads\/2021\/10\/AccesosMapaTraslasierra-488x1024.jpg 488w, https:\/\/villacurabrochero.gov.ar\/turista\/wp-content\/uploads\/2021\/10\/AccesosMapaTraslasierra-143x300.jpg 143w, https:\/\/villacurabrochero.gov.ar\/turista\/wp-content\/uploads\/2021\/10\/AccesosMapaTraslasierra-768x1611.jpg 768w, https:\/\/villacurabrochero.gov.ar\/turista\/wp-content\/uploads\/2021\/10\/AccesosMapaTraslasierra-732x1536.jpg 732w, https:\/\/villacurabrochero.gov.ar\/turista\/wp-content\/uploads\/2021\/10\/AccesosMapaTraslasierra-976x2048.jpg 976w, https:\/\/villacurabrochero.gov.ar\/turista\/wp-content\/uploads\/2021\/10\/AccesosMapaTraslasierra.jpg 1182w\" sizes=\"auto, (max-width: 488px) 100vw, 488px\" \/><\/figure><\/div>\n\n\n\n<h2 class=\"wp-block-heading\">Plano urbano de Villa Cura Brochero<\/h2>\n\n\n\n<p>.<\/p>\n\n\n\n<div class=\"wp-block-image\"><figure class=\"aligncenter size-large\"><img loading=\"lazy\" decoding=\"async\" width=\"931\" height=\"1024\" src=\"https:\/\/villacurabrochero.gov.ar\/turista\/wp-content\/uploads\/2021\/10\/AccesosPlanoUrbano-931x1024.jpg\" alt=\"\" class=\"wp-image-5079\" srcset=\"https:\/\/villacurabrochero.gov.ar\/turista\/wp-content\/uploads\/2021\/10\/AccesosPlanoUrbano-931x1024.jpg 931w, https:\/\/villacurabrochero.gov.ar\/turista\/wp-content\/uploads\/2021\/10\/AccesosPlanoUrbano-273x300.jpg 273w, https:\/\/villacurabrochero.gov.ar\/turista\/wp-content\/uploads\/2021\/10\/AccesosPlanoUrbano-768x845.jpg 768w, https:\/\/villacurabrochero.gov.ar\/turista\/wp-content\/uploads\/2021\/10\/AccesosPlanoUrbano.jpg 1000w\" sizes=\"auto, (max-width: 931px) 100vw, 931px\" \/><\/figure><\/div>\n\n\n\n<p><br><\/p>\n\n\n\n<div class=\"wp-block-file\"><a href=\"https:\/\/villacurabrochero.gov.ar\/turista\/wp-content\/uploads\/2021\/10\/AccesosPlanoUrbano.jpg\">Accesos Plano Urbano<\/a><a href=\"https:\/\/villacurabrochero.gov.ar\/turista\/wp-content\/uploads\/2021\/10\/AccesosPlanoUrbano.jpg\" class=\"wp-block-file__button\" download>Descarga<\/a><\/div>\n\n\n\n<div class=\"wp-block-file\"><a href=\"https:\/\/villacurabrochero.gov.ar\/turista\/wp-content\/uploads\/2021\/10\/AccesosMapaTraslasierra.jpg\">Accesos Mapa Traslasierra<\/a><a href=\"https:\/\/villacurabrochero.gov.ar\/turista\/wp-content\/uploads\/2021\/10\/AccesosMapaTraslasierra.jpg\" class=\"wp-block-file__button\" download>Descarga<\/a><\/div>\n","protected":false},"excerpt":{"rendered":"<p>Traslasierra Abarca una zona con rasgos propios, con l\u00edmites marcados por la naturaleza y una comunidad humana que, a trav\u00e9s del tiempo y de su integraci\u00f3n ecol\u00f3gica, han determinado su singularidad. Una caracter\u00edstica relevante de sus habitantes es el respeto a sus tradiciones ancestrales. Incluye las \u00e1reas Noroeste y Traslasierra. Localizaci\u00f3n E1 valle de Traslasierra se recuesta de norte a sur al pie de la ladera oeste de las Altas Cumbres, que domina el Cerro Champaqui con 2.790 metros. A diferencia de los otros grandes valles cordobeses, tiene todav\u00eda zonas [&hellip;]<\/p>\n","protected":false},"author":1,"featured_media":0,"parent":0,"menu_order":0,"comment_status":"closed","ping_status":"closed","template":"","meta":{"footnotes":""},"class_list":["post-5030","page","type-page","status-publish","hentry"],"_links":{"self":[{"href":"https:\/\/villacurabrochero.gov.ar\/turista\/wp-json\/wp\/v2\/pages\/5030","targetHints":{"allow":["GET"]}}],"collection":[{"href":"https:\/\/villacurabrochero.gov.ar\/turista\/wp-json\/wp\/v2\/pages"}],"about":[{"href":"https:\/\/villacurabrochero.gov.ar\/turista\/wp-json\/wp\/v2\/types\/page"}],"author":[{"embeddable":true,"href":"https:\/\/villacurabrochero.gov.ar\/turista\/wp-json\/wp\/v2\/users\/1"}],"replies":[{"embeddable":true,"href":"https:\/\/villacurabrochero.gov.ar\/turista\/wp-json\/wp\/v2\/comments?post=5030"}],"version-history":[{"count":10,"href":"https:\/\/villacurabrochero.gov.ar\/turista\/wp-json\/wp\/v2\/pages\/5030\/revisions"}],"predecessor-version":[{"id":5951,"href":"https:\/\/villacurabrochero.gov.ar\/turista\/wp-json\/wp\/v2\/pages\/5030\/revisions\/5951"}],"wp:attachment":[{"href":"https:\/\/villacurabrochero.gov.ar\/turista\/wp-json\/wp\/v2\/media?parent=5030"}],"curies":[{"name":"wp","href":"https:\/\/api.w.org\/{rel}","templated":true}]}}