{"id":5034,"date":"2021-10-08T12:22:42","date_gmt":"2021-10-08T15:22:42","guid":{"rendered":"https:\/\/villacurabrochero.gov.ar\/turista\/?page_id=5034"},"modified":"2022-06-25T21:09:46","modified_gmt":"2022-06-26T00:09:46","slug":"historia","status":"publish","type":"page","link":"https:\/\/villacurabrochero.gov.ar\/turista\/historia\/","title":{"rendered":"Historia"},"content":{"rendered":"\n<p>Incluimos aqu\u00ed una breve cronolog\u00eda de la vida y obra de nuestro Santo Jos\u00e9 Gabriel Brochero.<br><\/p>\n\n\n\n<p><strong>16-03-1840 &nbsp; <\/strong><br>Nace en el campo llamado Carreta Quemada, distante un par de leguas de la Villa de Santa Rosa del R\u00edo Primero.<\/p>\n\n\n\n<p><strong>17-03-1840&nbsp; &nbsp; <\/strong><br>El Sacerdote Jos\u00e9 Silvestre Ceballos lo bautiza en la Iglesia parroquial de la Villa. Sus padrinos fueron don Manuel Antonio Ceballos y do\u00f1a Josefa D\u00e1vila.<\/p>\n\n\n\n<p><strong>05-03-1856&nbsp; &nbsp;<\/strong><br><strong> <\/strong>Ingresa al Seminario Conciliar de Nuestra Se\u00f1ora de Loreto, C\u00f3rdoba.<\/p>\n\n\n\n<p><strong>11-10-1857 &nbsp; <\/strong><br>Recibe el sacramento de la Confirmaci\u00f3n, en la casa del Obispo Ram\u00edrez de Arellano. Su padrino fue el Padre Jer\u00f3nimo Castellano.<\/p>\n\n\n\n<p><strong>16-07-1862 &nbsp; <\/strong><br>Recibe la tonsura.<\/p>\n\n\n\n<p><strong>17-07-1862 &nbsp;<\/strong><br><strong> <\/strong>Recibe las \u00d3rdenes menores.<\/p>\n\n\n\n<p><strong>27-08-1862 &nbsp; <\/strong><br>En cumplimiento de las disposiciones can\u00f3nicas vigentes, se lo adscribe a la Catedral de C\u00f3rdoba para que ejerza los ministerios recibidos.<\/p>\n\n\n\n<p><strong>14-05-1866 &nbsp; <\/strong><br>Se dirige por nota al Obispo, Monse\u00f1or Jos\u00e9 Vicente Ram\u00edrez de Arellano, para solicitar su admisi\u00f3n al sacerdocio.<\/p>\n\n\n\n<p><strong>21-09-1866 &nbsp; &nbsp; <\/strong><br>Es ordenado Di\u00e1cono.<\/p>\n\n\n\n<p><strong>04-11-1866 &nbsp; <\/strong><br>Recibir\u00e1, junto a Juan Mart\u00edn Y\u00e1\u00f1iz, la ordenaci\u00f3n sacerdotal de manos de su Obispo, Monse\u00f1or Jos\u00e9 Vicente Ram\u00edrez de Arellano.<\/p>\n\n\n\n<p><strong>10-12-1866 &nbsp; <\/strong><br>Canta su primera Misa.<\/p>\n\n\n\n<p><strong>01-07-1867 &nbsp; <\/strong><br>Es designado teniente cura y Capell\u00e1n de Coro de la Catedral.<\/p>\n\n\n\n<p><strong>15-03-1869 &nbsp; <\/strong><br>Se har\u00e1 cargo de la Prefectura del Seminario.<\/p>\n\n\n\n<p><strong>12-11-1869 &nbsp; <\/strong><br>Siendo Prefecto de Estudios obtendr\u00e1 el t\u00edtulo de Maestro en Filosof\u00eda por la Universidad de C\u00f3rdoba.<\/p>\n\n\n\n<p><strong>24-11-1869 &nbsp; <\/strong><br>Parte hacia la sede de su Curato en San Alberto.<\/p>\n\n\n\n<p><strong>05-12-1869 &nbsp; <\/strong><br>Toma posesi\u00f3n del Curato en San Alberto.<\/p>\n\n\n\n<p><strong>15-08-1875 &nbsp;<\/strong><br><strong> <\/strong>Inicia la construcci\u00f3n de la Santa Casa de Ejercicios. Coloca la piedra fundamental y exclama: <em>\u00a1Te fregaste, Diablo!<\/em><\/p>\n\n\n\n<p><strong>15-08-1877 &nbsp; <\/strong><br>Inaugura la Santa Casa de Ejercicios con una tanda de 700 hombres llegados de distintos puntos del Curato.<\/p>\n\n\n\n<p><strong>01-03-1880 &nbsp;<\/strong><br><strong> <\/strong>Inaugura el Colegio de Ni\u00f1as en la Villa del Tr\u00e1nsito.<\/p>\n\n\n\n<p><strong>26-04-1898 &nbsp; <\/strong><br>Acepta la canonj\u00eda efectiva en la Catedral de C\u00f3rdoba.<\/p>\n\n\n\n<p><strong>08-05-1898 &nbsp; <\/strong><br>Entrega el Curato del Tr\u00e1nsito al Pbro. Bruno M. Ferreira.<\/p>\n\n\n\n<p><strong>25-08-1902 &nbsp; <\/strong><br>Monse\u00f1or Toro designa nuevamente al Cura Broche ro en el Curato del Tr\u00e1nsito.<\/p>\n\n\n\n<p><strong>03-10-1902 &nbsp; <\/strong><br>Asume nuevamente en el Curato del Tr\u00e1nsito.<\/p>\n\n\n\n<p><strong>22-01- 1908 &nbsp; <\/strong><br>Debido a su enfermedad se le acepta la renuncia.<\/p>\n\n\n\n<p><strong>02-02-1908 &nbsp; <\/strong><br>Entrega la Parroquia al Padre Domingo J. Acevedo. Se radica en Santa Rosa.<\/p>\n\n\n\n<p><strong>21-10-1912 &nbsp; <\/strong><br>Regresa a vivir a la Villa del Tr\u00e1nsito.<\/p>\n\n\n\n<p><strong>23-01-1914 &nbsp; <\/strong><br>El Pbro. Jos\u00e9 P\u00edo Angulo lo confiesa y le administra el Santo Vi\u00e1tico, que lo recibe sentado en la cama y \u00a1con la sotana puesta!<\/p>\n\n\n\n<p><strong>26-01-1914 &nbsp; <\/strong><br>Pidiendo el Santo Rosario y el Breviario, y rezando: <em>\u201cJes\u00fas, Jos\u00e9 y<\/em> <em>Mar\u00eda, sed la salvaci\u00f3n del alma m\u00eda\u201d<\/em>, rindi\u00f3 su alma a Dios.<\/p>\n","protected":false},"excerpt":{"rendered":"<p>Incluimos aqu\u00ed una breve cronolog\u00eda de la vida y obra de nuestro Santo Jos\u00e9 Gabriel Brochero. 16-03-1840 &nbsp; Nace en el campo llamado Carreta Quemada, distante un par de leguas de la Villa de Santa Rosa del R\u00edo Primero. 17-03-1840&nbsp; &nbsp; El Sacerdote Jos\u00e9 Silvestre Ceballos lo bautiza en la Iglesia parroquial de la Villa. Sus padrinos fueron don Manuel Antonio Ceballos y do\u00f1a Josefa D\u00e1vila. 05-03-1856&nbsp; &nbsp; Ingresa al Seminario Conciliar de Nuestra Se\u00f1ora de Loreto, C\u00f3rdoba. 11-10-1857 &nbsp; Recibe el sacramento de la Confirmaci\u00f3n, en la casa del [&hellip;]<\/p>\n","protected":false},"author":1,"featured_media":0,"parent":0,"menu_order":0,"comment_status":"closed","ping_status":"closed","template":"","meta":{"footnotes":""},"class_list":["post-5034","page","type-page","status-publish","hentry"],"_links":{"self":[{"href":"https:\/\/villacurabrochero.gov.ar\/turista\/wp-json\/wp\/v2\/pages\/5034","targetHints":{"allow":["GET"]}}],"collection":[{"href":"https:\/\/villacurabrochero.gov.ar\/turista\/wp-json\/wp\/v2\/pages"}],"about":[{"href":"https:\/\/villacurabrochero.gov.ar\/turista\/wp-json\/wp\/v2\/types\/page"}],"author":[{"embeddable":true,"href":"https:\/\/villacurabrochero.gov.ar\/turista\/wp-json\/wp\/v2\/users\/1"}],"replies":[{"embeddable":true,"href":"https:\/\/villacurabrochero.gov.ar\/turista\/wp-json\/wp\/v2\/comments?post=5034"}],"version-history":[{"count":3,"href":"https:\/\/villacurabrochero.gov.ar\/turista\/wp-json\/wp\/v2\/pages\/5034\/revisions"}],"predecessor-version":[{"id":5987,"href":"https:\/\/villacurabrochero.gov.ar\/turista\/wp-json\/wp\/v2\/pages\/5034\/revisions\/5987"}],"wp:attachment":[{"href":"https:\/\/villacurabrochero.gov.ar\/turista\/wp-json\/wp\/v2\/media?parent=5034"}],"curies":[{"name":"wp","href":"https:\/\/api.w.org\/{rel}","templated":true}]}}