{"id":5994,"date":"2021-10-28T19:57:47","date_gmt":"2021-10-28T22:57:47","guid":{"rendered":"https:\/\/villacurabrochero.gov.ar\/turista\/?page_id=5994"},"modified":"2022-06-25T21:01:50","modified_gmt":"2022-06-26T00:01:50","slug":"naturaleza","status":"publish","type":"page","link":"https:\/\/villacurabrochero.gov.ar\/turista\/naturaleza\/","title":{"rendered":"Naturaleza"},"content":{"rendered":"\n<h2 class=\"wp-block-heading\">Trekking<\/h2>\n\n\n\n<p>En Villa Cura Brochero, el disfrute con la familia de las caminatas en contacto directo con la naturaleza, son imperdibles. <br>Podes deleitarte de los paisajes naturales y culturales, la flora y fauna del lugar, vistas panor\u00e1micas, cascadas naturales, r\u00edos, arroyos, descubrir la historia del pueblo, gozar de su tranquilidad y sentirte realmente en casa.&nbsp;<\/p>\n\n\n\n<p>Proponemos 4 interesantes circuitos con diferentes grados de dificultades:<\/p>\n\n\n\n<ul class=\"wp-block-list\"><li><strong>1\u00b0 Circuito: Recorrido por la Costanera del Rio Panaholma.<\/strong> <br>Descubriendo todo su encanto, su belleza natural, sus balnearios, su bio diversidad y los paisajes que lo rodean.&nbsp;Este recorrido tiene una duraci\u00f3n de 2 horas iniciando por costanera sur del R\u00edo Panaholma hasta llegar a costanera norte. Nivel de dificultad baja.<\/li><\/ul>\n\n\n\n<ul class=\"wp-block-list\"><li><strong>2\u00b0 Circuito:<\/strong> <strong>Cerro de la Gloria<\/strong>. <br>Este recorrido consiste en poder descubrir un entorno completamente natural en donde se podr\u00e1 visitar el Cerro de la Gloria, sus cascadas naturales, su naturaleza, flora y fauna, mina de cristal de cuarzo, Gruta en honor al Santo Brochero \u201ctalla de madera de 2metros de alto realizado por el escultor Manuel \u00c1lvarez\u201d puesto por los Peregrinos por Brochero quienes mantienen y conservan, la carteler\u00eda y el lugar. Este recorrido tiene una duraci\u00f3n de 3 horas. Se puede acceder por la localidad de Villa Cura Brochero, a trav\u00e9s de la calle Mariano Moreno transitando unos 4km hasta llegar al lugar. Nivel de dificultad baja.<\/li><\/ul>\n\n\n\n<ul class=\"wp-block-list\"><li><strong>3\u00b0 Circuito:<\/strong> <strong>Cuesta de Altautina<\/strong>. <br>En este recorrido se podr\u00e1 descubrir toda la historia que tiene este pueblo de Altautina con la obra del Santo Cura Brochero. En este lugar se podr\u00e1 visitar la Capilla de Altautina, el horno de cal, casas hist\u00f3ricas, minas de berilo, y todos los paisajes naturales que lo rodean. Su duraci\u00f3n es de 4 Horas. Se encuentra situado a unos 37km aproximadamente de la localidad de Villa Cura Brochero. Se puede acceder por camino a la Gloria y Ci\u00e9naga de Allende. Nivel de dificultad baja. Se requiere de buen estado f\u00edsico.<\/li><\/ul>\n\n\n\n<ul class=\"wp-block-list\"><li><strong>4\u00b0 Circuito:<\/strong> <strong>La cuesta Vieja de Brochero<\/strong>. Este hermoso recorrido te invita a conocer parte de la historia del pueblo, los caminos que el Padre Brochero transit\u00f3 y los senderos que dise\u00f1\u00f3 para facilitar el acceso a la villa. Durante el recorrido se podr\u00e1 visitar el Acueducto de los Chiflones, la cuesta vieja, criadero de cabras y tambi\u00e9n, se podr\u00e1 gozar del contacto con la naturaleza, la tranquilidad, el silencio, del avistaje de flora y fauna del lugar, las vistas panor\u00e1micas y mucho m\u00e1s.  Este recorrido inicia en la Plaza Centenario de Villa Cura Brochero hasta llegar a la Comuna de Panaholma, con una duraci\u00f3n de 4 horas. Nivel de dificultad baja.<\/li><\/ul>\n\n\n\n<figure class=\"wp-block-image is-resized\"><img loading=\"lazy\" decoding=\"async\" src=\"https:\/\/lh4.googleusercontent.com\/3EjlPP908_4l4appU2af-iN47WnWQEvQIG5qGlRv-fcgHO4mFx6e9WOR0w5PYhmvp4dGLPlwhSyL3W36TNE37JSDPY3nLTvuYxXS6pWEQk5M6ZGXbvkHE8JEEN4TICBLw_rxjlU\" alt=\"La imagen puede contener: 1 persona, de pie, \u00e1rbol, calzado, ni\u00f1os, exterior y naturaleza\" width=\"1036\" height=\"691\"\/><\/figure>\n\n\n\n<figure class=\"wp-block-image is-resized\"><img loading=\"lazy\" decoding=\"async\" src=\"https:\/\/lh3.googleusercontent.com\/njy853z4Bbu7ybk4qEzpydoUXoylrIWvq0O0EwUb52Bea4JM5hy3r_MtYQLcYB8vsD9g0vR_ZpqN_nDEIdCBRvQJVtZfl-d_SCSmnnOXHRoqIpIPkAQGwO_wOPh0CcBkZSOKu80\" alt=\"La imagen puede contener: 4 personas, personas de pie, exterior y naturaleza\" width=\"1034\" height=\"1034\"\/><\/figure>\n\n\n\n<h2 class=\"wp-block-heading\"> <strong>Cicloturismo<\/strong><\/h2>\n\n\n\n<p>Una de las mejores formas de vivir la naturaleza y disfrutar de los paisajes que tiene Villa Cura Brochero junto a la familia, es recorrerlos en bicicleta. Esta modalidad te permite poder apreciar todo el paisaje natural y cultural que tiene el pueblo de Villa Cura Brochero y todos sus alrededores. Podr\u00e1s respirar un aire limpio y fresco, conocer sus recursos naturales y culturales, su biodiversidad, sus r\u00edos, balnearios y mucho m\u00e1s. Existen diversos senderos, caminos y recorridos para todas las edades y con distintos grados de dificultades.<\/p>\n\n\n\n<p>Los mejores paseos son:<\/p>\n\n\n\n<ul class=\"wp-block-list\"><li><strong>Villa Cura Brochero &#8211; Ci\u00e9naga de Allende \u2013 Cura Brochero (38,04 kil\u00f3metros).<\/strong><\/li><li><strong>Villa Cura Brochero &#8211; Mina Clavero (7,44 kil\u00f3metros).<\/strong><\/li><li><strong>Villa Cura Brochero &#8211; Panaholma &#8211; San Lorenzo (25,01 kil\u00f3metros).<\/strong><\/li><li><strong>Villa Cura Brochero &#8211; Balneario Toro Muerto (27,24 kil\u00f3metros).<\/strong><\/li><li><strong>Villa Cura Brochero y su recorrido por la villa (22,75 kil\u00f3metros).<\/strong><\/li><li><strong>Villa Cura Brochero &#8211; Paseo al fin del mundo (21, kil\u00f3metros).<\/strong><\/li><li><strong>Villa Cura Brochero &#8211; Camino del Peregrino (28 kil\u00f3metros).<\/strong><\/li><li><strong>Villa Cura Brochero &#8211; Nono (10 kil\u00f3metros).<\/strong><\/li><li><strong>Villa Cura Brochero &#8211; La Gloria &#8211; Mina Clavero 24 kil\u00f3metros).<\/strong><\/li><\/ul>\n\n\n\n<figure class=\"wp-block-image is-resized\"><img loading=\"lazy\" decoding=\"async\" src=\"https:\/\/lh5.googleusercontent.com\/q3BZN6XyLG4nxlZ3wHqTgwBmz5RckS3JBe8kn4MGQDBDxX4YOiSxEneWMQQeme22Zg-mBSeeDpPlcKHIEMvH-zCnZxk6qb8fW7r1g_DhUTiBGS48ol-66BMSsz0xannc5CDTV94\" alt=\"Beneficios de los paseos en bicicleta con tu familia\" width=\"1034\" height=\"779\"\/><\/figure>\n\n\n\n<figure class=\"wp-block-image is-resized\"><img loading=\"lazy\" decoding=\"async\" src=\"https:\/\/lh6.googleusercontent.com\/wA228WaMGXQ6hNz03v-ovjy2mrRb60ZGO2iCZ4_sqcAkP3koN_xZlrUx9_vSUWF-zYnK9FEDRa9Wl0xHrRsho7tVALw46Zmi2rY4RoM7UvvOqgQH3px7XaEGFch5pt-NxWfe5KE\" alt=\"Pasear En Bici Para Adelgazar | Thrfyb.keekazdel.site\" width=\"1034\" height=\"689\"\/><\/figure>\n\n\n\n<figure class=\"wp-block-image is-resized\"><img loading=\"lazy\" decoding=\"async\" src=\"https:\/\/lh4.googleusercontent.com\/7zKYmmcHqt9P9qnyYYXZDBBDL8RsMVfLmvrPN9iTtNGsQ3rtFNX6plXxkiNdX7VayWCahUiGJauyy3IL6IrIoOOOyKUGX6HbctakfObS9uvW2di_Eq5IYYx3v4k_8VD1wTkLxuk\" alt=\"Un paseo en bicicleta por las v\u00edas verdes de Andaluc\u00eda - La ...\" width=\"1033\" height=\"692\"\/><\/figure>\n\n\n\n<p>Para poder disfrutar de estas actividades y todas las excursiones que se realizan en la regi\u00f3n de Traslasierra, podr\u00e1s contratar a <a href=\"https:\/\/villacurabrochero.gov.ar\/turista\/agencias-de-viajes\">Agencias de Viajes<\/a> y <a href=\"https:\/\/villacurabrochero.gov.ar\/turista\/prestadores-de-turismo-alternativo\">Prestadores de Turismo Alternativo<\/a> habilitados.&nbsp;<\/p>\n\n\n\n<p>.<\/p>\n\n\n\n<h2 class=\"wp-block-heading\">Cabalgatas<\/h2>\n\n\n\n<p>La posibilidad de recorrer a caballo todos los entornos naturales que posee Villa Cura Brochero, es una experiencia \u00fanica. Te invitamos a realizar esta actividad descubriendo de una forma distinta el poder y la energ\u00eda que tiene la naturaleza en todo su esplendor. Experimenta una nueva aventura con toda la familia.<\/p>\n\n\n\n<p>Prestador habilitado para la actividad de Cabalgata&nbsp;:  <strong><a href=\"https:\/\/villacurabrochero.gov.ar\/turista\/prestadores-de-turismo-alternativo\">Emiliano Tapia<\/a><\/strong><\/p>\n\n\n\n<figure class=\"wp-block-image is-resized\"><img loading=\"lazy\" decoding=\"async\" src=\"https:\/\/lh6.googleusercontent.com\/LzxTN6jvEY2S5E6bEawDYAHH-CZMX3DlWO-CpaxOsrpB4vMqlWZNVrXQMtJDnjWrBqKNRadP_yzwbEocChQkJi3hNf9SOc9Mbc9lPTAiAu9a2v4b8hhqCy1e9uKsm0PdmlK8qZE\" alt=\"La imagen puede contener: caballo, exterior y naturaleza\" width=\"1032\" height=\"836\"\/><\/figure>\n\n\n\n<figure class=\"wp-block-image is-resized\"><img loading=\"lazy\" decoding=\"async\" src=\"https:\/\/lh3.googleusercontent.com\/HqzUe7nf00lvujTR_6cPleCrQKODYwCl0l5TrKleZQKu3zlSwbrOiAfkOIxdgTbK8Kg2jLQawzKnX9hAitoPScMR8y_zjSMSZrjxlrdZBYwjkMfuRwdFBTnUXlp6qy06ri_EzpQ\" alt=\"Hotel Montes de La Castellana en Armenia\" width=\"1034\" height=\"776\"\/><\/figure>\n\n\n\n<figure class=\"wp-block-image is-resized\"><img loading=\"lazy\" decoding=\"async\" src=\"https:\/\/lh3.googleusercontent.com\/deXlrL18ZRzxkOPNAcO8y4tG4AmVgs6bdKCj3DNET2E8bl1FtUFtnPPcA6zhqgd2kMEGMsVLt1sPuDLWF4NF4ADs4I-ucyKKhaD38lZ5EHIMCcQ7bDOcYzZPFUbwuJVjBdlhQEc\" alt=\"Cabalgatas El Carmelo in La Tebaida\" width=\"1034\" height=\"776\"\/><\/figure>\n\n\n\n<p>.<\/p>\n\n\n\n<h2 class=\"wp-block-heading\"><a href=\"https:\/\/villacurabrochero.gov.ar\/turista\/balnearios\">Balnearios<\/a><\/h2>\n\n\n\n<p>Para conocer cada uno de los hermosos balnearios de nuestra villa, ingres\u00e1 por el t\u00edtulo al detalle de todos los habilitados en cada temporada.<\/p>\n\n\n\n<p><\/p>\n","protected":false},"excerpt":{"rendered":"<p>Trekking En Villa Cura Brochero, el disfrute con la familia de las caminatas en contacto directo con la naturaleza, son imperdibles. Podes deleitarte de los paisajes naturales y culturales, la flora y fauna del lugar, vistas panor\u00e1micas, cascadas naturales, r\u00edos, arroyos, descubrir la historia del pueblo, gozar de su tranquilidad y sentirte realmente en casa.&nbsp; Proponemos 4 interesantes circuitos con diferentes grados de dificultades: 1\u00b0 Circuito: Recorrido por la Costanera del Rio Panaholma. Descubriendo todo su encanto, su belleza natural, sus balnearios, su bio diversidad y los paisajes que lo [&hellip;]<\/p>\n","protected":false},"author":1,"featured_media":0,"parent":0,"menu_order":0,"comment_status":"closed","ping_status":"closed","template":"","meta":{"footnotes":""},"class_list":["post-5994","page","type-page","status-publish","hentry"],"_links":{"self":[{"href":"https:\/\/villacurabrochero.gov.ar\/turista\/wp-json\/wp\/v2\/pages\/5994","targetHints":{"allow":["GET"]}}],"collection":[{"href":"https:\/\/villacurabrochero.gov.ar\/turista\/wp-json\/wp\/v2\/pages"}],"about":[{"href":"https:\/\/villacurabrochero.gov.ar\/turista\/wp-json\/wp\/v2\/types\/page"}],"author":[{"embeddable":true,"href":"https:\/\/villacurabrochero.gov.ar\/turista\/wp-json\/wp\/v2\/users\/1"}],"replies":[{"embeddable":true,"href":"https:\/\/villacurabrochero.gov.ar\/turista\/wp-json\/wp\/v2\/comments?post=5994"}],"version-history":[{"count":4,"href":"https:\/\/villacurabrochero.gov.ar\/turista\/wp-json\/wp\/v2\/pages\/5994\/revisions"}],"predecessor-version":[{"id":6001,"href":"https:\/\/villacurabrochero.gov.ar\/turista\/wp-json\/wp\/v2\/pages\/5994\/revisions\/6001"}],"wp:attachment":[{"href":"https:\/\/villacurabrochero.gov.ar\/turista\/wp-json\/wp\/v2\/media?parent=5994"}],"curies":[{"name":"wp","href":"https:\/\/api.w.org\/{rel}","templated":true}]}}